{"id":128,"date":"2025-04-07T09:22:11","date_gmt":"2025-04-07T09:22:11","guid":{"rendered":"https:\/\/www.dataveritas.es\/?page_id=128"},"modified":"2025-04-07T10:13:33","modified_gmt":"2025-04-07T10:13:33","slug":"politica-de-privacidad","status":"publish","type":"page","link":"https:\/\/www.dataveritas.es\/index.php\/politica-de-privacidad\/","title":{"rendered":"Pol\u00edtica de privacidad"},"content":{"rendered":"\n<h2 class=\"wp-block-heading\">En cumplimiento de lo dispuesto en el Reglamento (UE) 2016\/679 del Parlamento Europeo y del Consejo, de 27 de abril de 2016 (RGPD), relativo a la protecci\u00f3n de las personas f\u00edsicas en lo que respecta al tratamiento de datos personales, te informamos de que los datos personales que facilites a trav\u00e9s del formulario de esta web ser\u00e1n tratados por <strong>DATAVERITAS<\/strong>, como responsable del tratamiento.<\/h2>\n\n\n\n<p><strong>Finalidad del tratamiento:<\/strong><br>Atender tu solicitud de contacto, estudio de viabilidad o petici\u00f3n de informaci\u00f3n, as\u00ed como enviarte comunicaciones relacionadas con los servicios que ofrecemos, siempre con tu consentimiento previo.<\/p>\n\n\n\n<p><strong>Legitimaci\u00f3n:<\/strong><br>El tratamiento se basa en tu consentimiento expreso al enviar tus datos a trav\u00e9s del formulario habilitado.<\/p>\n\n\n\n<p><strong>Destinatarios:<\/strong><br>Tus datos no se ceder\u00e1n a terceros, salvo obligaci\u00f3n legal o si es estrictamente necesario para la prestaci\u00f3n del servicio solicitado.<\/p>\n\n\n\n<p><strong>Conservaci\u00f3n de los datos:<\/strong><br>Los datos ser\u00e1n conservados durante el tiempo necesario para cumplir con la finalidad para la que se recaban y para determinar posibles responsabilidades derivadas del tratamiento.<\/p>\n\n\n\n<p><strong>Derechos del usuario:<\/strong><br>Puedes ejercer tus derechos de acceso, rectificaci\u00f3n, oposici\u00f3n, supresi\u00f3n, limitaci\u00f3n del tratamiento y portabilidad de tus datos escribiendo a <strong><a class=\"\">info@dataveritas.es<\/a><\/strong>.<\/p>\n\n\n\n<p>Para m\u00e1s informaci\u00f3n sobre c\u00f3mo tratamos tus datos, puedes contactar con nosotros o consultar esta misma p\u00e1gina peri\u00f3dicamente, ya que podr\u00eda sufrir modificaciones para adaptarse a cambios legislativos o de funcionamiento.<\/p>\n","protected":false},"excerpt":{"rendered":"<p>En cumplimiento de lo dispuesto en el Reglamento (UE) 2016\/679 del Parlamento Europeo y del Consejo, de 27 de abril de 2016 (RGPD), relativo a la protecci\u00f3n de las personas f\u00edsicas en lo que respecta al tratamiento de datos personales, te informamos de que los datos personales que facilites a trav\u00e9s del formulario de esta&hellip;&nbsp;<a href=\"https:\/\/www.dataveritas.es\/index.php\/politica-de-privacidad\/\" rel=\"bookmark\">Leer m\u00e1s &raquo;<span class=\"screen-reader-text\">Pol\u00edtica de privacidad<\/span><\/a><\/p>\n","protected":false},"author":1,"featured_media":0,"parent":0,"menu_order":0,"comment_status":"closed","ping_status":"closed","template":"","meta":{"neve_meta_sidebar":"","neve_meta_container":"","neve_meta_enable_content_width":"","neve_meta_content_width":0,"neve_meta_title_alignment":"","neve_meta_author_avatar":"","neve_post_elements_order":"","neve_meta_disable_header":"","neve_meta_disable_footer":"","neve_meta_disable_title":"","footnotes":""},"class_list":["post-128","page","type-page","status-publish","hentry"],"yoast_head":"<!-- This site is optimized with the Yoast SEO plugin v26.7 - https:\/\/yoast.com\/wordpress\/plugins\/seo\/ -->\n<title>Pol\u00edtica de privacidad - Dataveritas<\/title>\n<meta name=\"robots\" content=\"index, follow, max-snippet:-1, max-image-preview:large, max-video-preview:-1\" \/>\n<link rel=\"canonical\" href=\"https:\/\/www.dataveritas.es\/index.php\/politica-de-privacidad\/\" \/>\n<meta property=\"og:locale\" content=\"es_ES\" \/>\n<meta property=\"og:type\" content=\"article\" \/>\n<meta property=\"og:title\" content=\"Pol\u00edtica de privacidad - Dataveritas\" \/>\n<meta property=\"og:description\" content=\"En cumplimiento de lo dispuesto en el Reglamento (UE) 2016\/679 del Parlamento Europeo y del Consejo, de 27 de abril de 2016 (RGPD), relativo a la protecci\u00f3n de las personas f\u00edsicas en lo que respecta al tratamiento de datos personales, te informamos de que los datos personales que facilites a trav\u00e9s del formulario de esta&hellip;&nbsp;Leer m\u00e1s &raquo;Pol\u00edtica de privacidad\" \/>\n<meta property=\"og:url\" content=\"https:\/\/www.dataveritas.es\/index.php\/politica-de-privacidad\/\" \/>\n<meta property=\"og:site_name\" content=\"Dataveritas\" \/>\n<meta property=\"article:modified_time\" content=\"2025-04-07T10:13:33+00:00\" \/>\n<meta name=\"twitter:card\" content=\"summary_large_image\" \/>\n<meta name=\"twitter:label1\" content=\"Tiempo de lectura\" \/>\n\t<meta name=\"twitter:data1\" content=\"1 minuto\" \/>\n<script type=\"application\/ld+json\" class=\"yoast-schema-graph\">{\"@context\":\"https:\/\/schema.org\",\"@graph\":[{\"@type\":\"WebPage\",\"@id\":\"https:\/\/www.dataveritas.es\/index.php\/politica-de-privacidad\/\",\"url\":\"https:\/\/www.dataveritas.es\/index.php\/politica-de-privacidad\/\",\"name\":\"Pol\u00edtica de privacidad - Dataveritas\",\"isPartOf\":{\"@id\":\"https:\/\/www.dataveritas.es\/#website\"},\"datePublished\":\"2025-04-07T09:22:11+00:00\",\"dateModified\":\"2025-04-07T10:13:33+00:00\",\"breadcrumb\":{\"@id\":\"https:\/\/www.dataveritas.es\/index.php\/politica-de-privacidad\/#breadcrumb\"},\"inLanguage\":\"es\",\"potentialAction\":[{\"@type\":\"ReadAction\",\"target\":[\"https:\/\/www.dataveritas.es\/index.php\/politica-de-privacidad\/\"]}]},{\"@type\":\"BreadcrumbList\",\"@id\":\"https:\/\/www.dataveritas.es\/index.php\/politica-de-privacidad\/#breadcrumb\",\"itemListElement\":[{\"@type\":\"ListItem\",\"position\":1,\"name\":\"Portada\",\"item\":\"https:\/\/www.dataveritas.es\/\"},{\"@type\":\"ListItem\",\"position\":2,\"name\":\"Pol\u00edtica de privacidad\"}]},{\"@type\":\"WebSite\",\"@id\":\"https:\/\/www.dataveritas.es\/#website\",\"url\":\"https:\/\/www.dataveritas.es\/\",\"name\":\"Dataveritas\",\"description\":\"Peritaciones inform&aacute;ticas\",\"publisher\":{\"@id\":\"https:\/\/www.dataveritas.es\/#organization\"},\"potentialAction\":[{\"@type\":\"SearchAction\",\"target\":{\"@type\":\"EntryPoint\",\"urlTemplate\":\"https:\/\/www.dataveritas.es\/?s={search_term_string}\"},\"query-input\":{\"@type\":\"PropertyValueSpecification\",\"valueRequired\":true,\"valueName\":\"search_term_string\"}}],\"inLanguage\":\"es\"},{\"@type\":\"Organization\",\"@id\":\"https:\/\/www.dataveritas.es\/#organization\",\"name\":\"Dataveritas\",\"url\":\"https:\/\/www.dataveritas.es\/\",\"logo\":{\"@type\":\"ImageObject\",\"inLanguage\":\"es\",\"@id\":\"https:\/\/www.dataveritas.es\/#\/schema\/logo\/image\/\",\"url\":\"https:\/\/www.dataveritas.es\/wp-content\/uploads\/2025\/03\/logo-agency.png\",\"contentUrl\":\"https:\/\/www.dataveritas.es\/wp-content\/uploads\/2025\/03\/logo-agency.png\",\"width\":200,\"height\":200,\"caption\":\"Dataveritas\"},\"image\":{\"@id\":\"https:\/\/www.dataveritas.es\/#\/schema\/logo\/image\/\"}}]}<\/script>\n<!-- \/ Yoast SEO plugin. -->","yoast_head_json":{"title":"Pol\u00edtica de privacidad - Dataveritas","robots":{"index":"index","follow":"follow","max-snippet":"max-snippet:-1","max-image-preview":"max-image-preview:large","max-video-preview":"max-video-preview:-1"},"canonical":"https:\/\/www.dataveritas.es\/index.php\/politica-de-privacidad\/","og_locale":"es_ES","og_type":"article","og_title":"Pol\u00edtica de privacidad - Dataveritas","og_description":"En cumplimiento de lo dispuesto en el Reglamento (UE) 2016\/679 del Parlamento Europeo y del Consejo, de 27 de abril de 2016 (RGPD), relativo a la protecci\u00f3n de las personas f\u00edsicas en lo que respecta al tratamiento de datos personales, te informamos de que los datos personales que facilites a trav\u00e9s del formulario de esta&hellip;&nbsp;Leer m\u00e1s &raquo;Pol\u00edtica de privacidad","og_url":"https:\/\/www.dataveritas.es\/index.php\/politica-de-privacidad\/","og_site_name":"Dataveritas","article_modified_time":"2025-04-07T10:13:33+00:00","twitter_card":"summary_large_image","twitter_misc":{"Tiempo de lectura":"1 minuto"},"schema":{"@context":"https:\/\/schema.org","@graph":[{"@type":"WebPage","@id":"https:\/\/www.dataveritas.es\/index.php\/politica-de-privacidad\/","url":"https:\/\/www.dataveritas.es\/index.php\/politica-de-privacidad\/","name":"Pol\u00edtica de privacidad - Dataveritas","isPartOf":{"@id":"https:\/\/www.dataveritas.es\/#website"},"datePublished":"2025-04-07T09:22:11+00:00","dateModified":"2025-04-07T10:13:33+00:00","breadcrumb":{"@id":"https:\/\/www.dataveritas.es\/index.php\/politica-de-privacidad\/#breadcrumb"},"inLanguage":"es","potentialAction":[{"@type":"ReadAction","target":["https:\/\/www.dataveritas.es\/index.php\/politica-de-privacidad\/"]}]},{"@type":"BreadcrumbList","@id":"https:\/\/www.dataveritas.es\/index.php\/politica-de-privacidad\/#breadcrumb","itemListElement":[{"@type":"ListItem","position":1,"name":"Portada","item":"https:\/\/www.dataveritas.es\/"},{"@type":"ListItem","position":2,"name":"Pol\u00edtica de privacidad"}]},{"@type":"WebSite","@id":"https:\/\/www.dataveritas.es\/#website","url":"https:\/\/www.dataveritas.es\/","name":"Dataveritas","description":"Peritaciones inform&aacute;ticas","publisher":{"@id":"https:\/\/www.dataveritas.es\/#organization"},"potentialAction":[{"@type":"SearchAction","target":{"@type":"EntryPoint","urlTemplate":"https:\/\/www.dataveritas.es\/?s={search_term_string}"},"query-input":{"@type":"PropertyValueSpecification","valueRequired":true,"valueName":"search_term_string"}}],"inLanguage":"es"},{"@type":"Organization","@id":"https:\/\/www.dataveritas.es\/#organization","name":"Dataveritas","url":"https:\/\/www.dataveritas.es\/","logo":{"@type":"ImageObject","inLanguage":"es","@id":"https:\/\/www.dataveritas.es\/#\/schema\/logo\/image\/","url":"https:\/\/www.dataveritas.es\/wp-content\/uploads\/2025\/03\/logo-agency.png","contentUrl":"https:\/\/www.dataveritas.es\/wp-content\/uploads\/2025\/03\/logo-agency.png","width":200,"height":200,"caption":"Dataveritas"},"image":{"@id":"https:\/\/www.dataveritas.es\/#\/schema\/logo\/image\/"}}]}},"_links":{"self":[{"href":"https:\/\/www.dataveritas.es\/index.php\/wp-json\/wp\/v2\/pages\/128","targetHints":{"allow":["GET"]}}],"collection":[{"href":"https:\/\/www.dataveritas.es\/index.php\/wp-json\/wp\/v2\/pages"}],"about":[{"href":"https:\/\/www.dataveritas.es\/index.php\/wp-json\/wp\/v2\/types\/page"}],"author":[{"embeddable":true,"href":"https:\/\/www.dataveritas.es\/index.php\/wp-json\/wp\/v2\/users\/1"}],"replies":[{"embeddable":true,"href":"https:\/\/www.dataveritas.es\/index.php\/wp-json\/wp\/v2\/comments?post=128"}],"version-history":[{"count":1,"href":"https:\/\/www.dataveritas.es\/index.php\/wp-json\/wp\/v2\/pages\/128\/revisions"}],"predecessor-version":[{"id":129,"href":"https:\/\/www.dataveritas.es\/index.php\/wp-json\/wp\/v2\/pages\/128\/revisions\/129"}],"wp:attachment":[{"href":"https:\/\/www.dataveritas.es\/index.php\/wp-json\/wp\/v2\/media?parent=128"}],"curies":[{"name":"wp","href":"https:\/\/api.w.org\/{rel}","templated":true}]}}